{"id":78,"date":"2017-12-12T11:24:21","date_gmt":"2017-12-12T15:24:21","guid":{"rendered":"http:\/\/new.asde.gob.do\/transparencia\/?page_id=78"},"modified":"2025-11-13T14:37:21","modified_gmt":"2025-11-13T18:37:21","slug":"definicion-oaim-oficina-de-acceso-a-la-informacion-municipal","status":"publish","type":"page","link":"https:\/\/ayuntamientosde.gob.do\/transparencia\/definicion-oaim-oficina-de-acceso-a-la-informacion-municipal\/","title":{"rendered":"Definici\u00f3n OAIM (Oficina de Acceso a la Informaci\u00f3n Municipal)"},"content":{"rendered":"<blockquote>\n<h3><strong><span style=\"font-size: 12pt\">Definici\u00f3n OAI (Oficina de Acceso a la Informaci\u00f3n p\u00fablica)<\/span><\/strong><\/h3>\n<\/blockquote>\n<p style=\"text-align: justify\">La Oficina de Acceso a la Informaci\u00f3n (OAI), es un mandato de la Ley General de Libre Acceso a la Informaci\u00f3n P\u00fablica Ley 200-04 y el Decreto No. 130-05 que crea el reglamento de dicha ley, con el prop\u00f3sito de apoyar a entidades y personas tanto p\u00fablicas como privadas mediante las informaciones solicitadas.<\/p>\n<p>El objetivo de esta oficina es asegurar el libre acceso a la informaci\u00f3n de forma completa, veraz y propicia, a fin de satisfacer la necesidad de la ciudadan\u00eda.<\/p>\n<blockquote>\n<h3><strong><span style=\"font-size: 12pt\">Visi\u00f3n<\/span><\/strong><\/h3>\n<\/blockquote>\n<p style=\"text-align: justify\">Ser una instituci\u00f3n reconocida por su compromiso con la transparencia, la rendici\u00f3n de cuentas y la promoci\u00f3n del derecho a la informaci\u00f3n p\u00fablica. Aspiramos a construir una cultura de transparencia y acceso a la informaci\u00f3n en la sociedad, contribuyendo al fortalecimiento de la democracia y la participaci\u00f3n ciudadana.<\/p>\n<blockquote>\n<h3><strong><span style=\"font-size: 12pt\">Misi\u00f3n<\/span><\/strong><\/h3>\n<\/blockquote>\n<p style=\"text-align: justify\">La misi\u00f3n de la Oficina de Acceso a la Informaci\u00f3n P\u00fablica es garantizar el derecho de los ciudadanos a acceder a la informaci\u00f3n p\u00fablica, promoviendo la transparencia y la rendici\u00f3n de cuentas en el sector p\u00fablico. Nuestra labor es facilitar el acceso a la informaci\u00f3n de manera oportuna, eficiente y clara, asegurando que la informaci\u00f3n p\u00fablica sea accesible y comprensible para todos.<\/p>\n<blockquote>\n<h3><strong><span style=\"font-size: 12pt\">Valores<\/span><\/strong><\/h3>\n<\/blockquote>\n<p>Transparencia<br \/>\nResponsabilidad<br \/>\nEficiencia<br \/>\nImparcialidad<br \/>\nServicio P\u00fablico<br \/>\nConfidencialidad<\/p>\n<blockquote>\n<h3><strong><span style=\"font-size: 12pt\">Definici\u00f3n RAI<\/span><\/strong><\/h3>\n<\/blockquote>\n<p style=\"text-align: justify\">El representante de Acceso a la Informaci\u00f3n, es el responsable de tramitar y facilitar las informaciones requeridas y de ser el canal de comunicaci\u00f3n entre la instituci\u00f3n, ciudadanos y ciudadanas.<\/p>\n<blockquote>\n<h3><strong><span style=\"font-size: 12pt\">Proceso de Solicitud de Informaci\u00f3n:<\/span><\/strong><\/h3>\n<\/blockquote>\n<ul>\n<li><span style=\"font-size: 12pt\">Completar el formulario de solicitud de informaci\u00f3n.<\/span><\/li>\n<li><span style=\"font-size: 12pt\">Se procede a la revisi\u00f3n de dicho documento con la finalidad de verificar que est\u00e1 debidamente completada(o).<\/span><\/li>\n<li><span style=\"font-size: 12pt\">Se hace entrega de acuse de recibo al solicitante.<\/span><\/li>\n<li style=\"text-align: justify\"><span style=\"font-size: 12pt\">Seg\u00fan la complejidad de la informaci\u00f3n, se asigna una fecha de entrega. En caso de no ser la OPTIC la entidad competente para ofrecer la informaci\u00f3n requerida, dicha solicitud se refiere a la instituci\u00f3n correspondiente y se le informa al solicitante, el curso que ha tomado su solicitud y la instituci\u00f3n destinataria.<\/span><\/li>\n<li><span style=\"font-size: 12pt\">Seguimiento de la(s) solicitud(es) hasta confirmar que se ha suministrado la informaci\u00f3n.<\/span><\/li>\n<\/ul>\n<blockquote>\n<h3><strong><span style=\"font-size: 12pt\">Contacto Responsable de Acceso a la Informaci\u00f3n<\/span><\/strong><\/h3>\n<\/blockquote>\n<p><strong><span style=\"font-size: 12pt\">Manuel Antonio Jim\u00e9nez <\/span><\/strong><br \/>\n<span style=\"font-size: 12pt\"><strong>Responsable de Acceso a la Informacion (RAI)<\/strong><\/span><br \/>\n<span style=\"font-size: 12pt\">Tel\u00e9fono: 809-788-7676,\u00a0 809-702-9874<\/span><br \/>\n<span style=\"font-size: 12pt\">Extensi\u00f3n: 4039<\/span><br \/>\n<span style=\"font-size: 12pt\">Correo electr\u00f3nico:\u00a0<a href=\"mailto:olaim@asde.gov.do?subject=Contacto%20RAI%20-%20Ayuntamiento%20Santo%20Domingo%20Este\">olaim@asde.gov.do<\/a><\/span><\/p>\n","protected":false},"excerpt":{"rendered":"Definici\u00f3n OAI (Oficina de Acceso a la Informaci\u00f3n p\u00fablica) La Oficina de Acceso a la Informaci\u00f3n (OAI), es un mandato de la Ley General de Libre Acceso a la Informaci\u00f3n P\u00fablica Ley 200-04 y el Decreto No. 130-05 que crea el reglamento de dicha ley, con el prop\u00f3sito de apoyar a entidades y personas tanto&#8230;","protected":false},"author":1,"featured_media":0,"parent":0,"menu_order":0,"comment_status":"closed","ping_status":"closed","template":"","meta":{"footnotes":""},"class_list":["post-78","page","type-page","status-publish","hentry"],"acf":[],"_links":{"self":[{"href":"https:\/\/ayuntamientosde.gob.do\/transparencia\/wp-json\/wp\/v2\/pages\/78","targetHints":{"allow":["GET"]}}],"collection":[{"href":"https:\/\/ayuntamientosde.gob.do\/transparencia\/wp-json\/wp\/v2\/pages"}],"about":[{"href":"https:\/\/ayuntamientosde.gob.do\/transparencia\/wp-json\/wp\/v2\/types\/page"}],"author":[{"embeddable":true,"href":"https:\/\/ayuntamientosde.gob.do\/transparencia\/wp-json\/wp\/v2\/users\/1"}],"replies":[{"embeddable":true,"href":"https:\/\/ayuntamientosde.gob.do\/transparencia\/wp-json\/wp\/v2\/comments?post=78"}],"version-history":[{"count":14,"href":"https:\/\/ayuntamientosde.gob.do\/transparencia\/wp-json\/wp\/v2\/pages\/78\/revisions"}],"predecessor-version":[{"id":12339,"href":"https:\/\/ayuntamientosde.gob.do\/transparencia\/wp-json\/wp\/v2\/pages\/78\/revisions\/12339"}],"wp:attachment":[{"href":"https:\/\/ayuntamientosde.gob.do\/transparencia\/wp-json\/wp\/v2\/media?parent=78"}],"curies":[{"name":"wp","href":"https:\/\/api.w.org\/{rel}","templated":true}]}}